{"id":1678,"date":"2014-01-22T17:13:06","date_gmt":"2014-01-22T22:13:06","guid":{"rendered":"http:\/\/www.dientoan.us\/"},"modified":"2014-01-22T17:13:06","modified_gmt":"2014-01-22T22:13:06","slug":"mon-hoc","status":"publish","type":"page","link":"http:\/\/www.dientoan.us\/?page_id=1678","title":{"rendered":"M\u00f4n H\u1ecdc"},"content":{"rendered":"<p>Danh m\u1ee5c t\u00e0i li\u1ec7u l\u01b0u tr\u1eef, ti\u00eau chu\u1ea9n c\u1ee7a c\u00e1c ti\u1ec3u bang \u0111\u00e3 c\u00f4ng nh\u1eadn, c\u00e1c b\u00e0i gi\u1ea3ng k\u00e8m v\u00e0 luy\u1ec7n thi cho c\u00e1c m\u00f4n h\u1ecdc sau \u0111\u00e2y:<br \/>\n1. To\u00e1n (Mathematics) c\u00e1c l\u1edbp m\u1eabu gi\u00e1o (K), l\u1edbp 1-12.<br \/>\n2. Khoa h\u1ecdc (Science).<br \/>\n3. V\u0103n ch\u01b0\u01a1ng (Language Arts).<br \/>\n4. Sinh v\u1eadt h\u1ecdc (Biology).<br \/>\n5. H\u00f3a h\u1ecdc (Chemistry).<br \/>\n6. \u0110i\u1ec7n to\u00e1n (Computer Science).<\/p>\n","protected":false},"excerpt":{"rendered":"<p>Danh m\u1ee5c t\u00e0i li\u1ec7u l\u01b0u tr\u1eef, ti\u00eau chu\u1ea9n c\u1ee7a c\u00e1c ti\u1ec3u bang \u0111\u00e3 c\u00f4ng nh\u1eadn, c\u00e1c b\u00e0i gi\u1ea3ng k\u00e8m v\u00e0 luy\u1ec7n thi cho c\u00e1c m\u00f4n h\u1ecdc sau \u0111\u00e2y: 1. To\u00e1n (Mathematics) c\u00e1c l\u1edbp m\u1eabu gi\u00e1o (K), l\u1edbp 1-12. 2. Khoa &hellip; <a href=\"http:\/\/www.dientoan.us\/?page_id=1678\">\u0110\u1ecdc ti\u1ebfp <span class=\"meta-nav\">&rarr;<\/span><\/a><\/p>\n","protected":false},"author":1,"featured_media":0,"parent":0,"menu_order":0,"comment_status":"closed","ping_status":"closed","template":"","meta":[],"_links":{"self":[{"href":"http:\/\/www.dientoan.us\/index.php?rest_route=\/wp\/v2\/pages\/1678"}],"collection":[{"href":"http:\/\/www.dientoan.us\/index.php?rest_route=\/wp\/v2\/pages"}],"about":[{"href":"http:\/\/www.dientoan.us\/index.php?rest_route=\/wp\/v2\/types\/page"}],"author":[{"embeddable":true,"href":"http:\/\/www.dientoan.us\/index.php?rest_route=\/wp\/v2\/users\/1"}],"replies":[{"embeddable":true,"href":"http:\/\/www.dientoan.us\/index.php?rest_route=%2Fwp%2Fv2%2Fcomments&post=1678"}],"version-history":[{"count":0,"href":"http:\/\/www.dientoan.us\/index.php?rest_route=\/wp\/v2\/pages\/1678\/revisions"}],"wp:attachment":[{"href":"http:\/\/www.dientoan.us\/index.php?rest_route=%2Fwp%2Fv2%2Fmedia&parent=1678"}],"curies":[{"name":"wp","href":"https:\/\/api.w.org\/{rel}","templated":true}]}}